{"id":1579,"date":"2020-01-09T04:10:53","date_gmt":"2020-01-09T04:10:53","guid":{"rendered":"http:\/\/wpdemo.archiwp.com\/engitech\/?page_id=1579"},"modified":"2026-02-01T21:09:30","modified_gmt":"2026-02-01T21:09:30","slug":"about-us","status":"publish","type":"page","link":"https:\/\/www.haasisdec.com\/de\/about-us\/","title":{"rendered":"\u00dcBER UNS"},"content":{"rendered":"\t\t<div data-elementor-type=\"wp-page\" data-elementor-id=\"1579\" class=\"elementor elementor-1579\">\n\t\t\t\t\t\t<section class=\"elementor-section elementor-top-section elementor-element elementor-element-7f3cbd8 elementor-section-content-middle ot-traditional elementor-section-boxed elementor-section-height-default elementor-section-height-default\" data-id=\"7f3cbd8\" data-element_type=\"section\" data-settings=\"{&quot;background_background&quot;:&quot;classic&quot;}\">\n\t\t\t\t\t\t<div class=\"elementor-container elementor-column-gap-extended\">\n\t\t\t\t\t<div class=\"elementor-column elementor-col-50 elementor-top-column elementor-element elementor-element-9fc2569\" data-id=\"9fc2569\" data-element_type=\"column\">\n\t\t\t<div class=\"elementor-widget-wrap elementor-element-populated\">\n\t\t\t\t\t\t<div class=\"elementor-element elementor-element-925ee15 elementor-widget elementor-widget-iheading\" data-id=\"925ee15\" data-element_type=\"widget\" data-widget_type=\"iheading.default\">\n\t\t\t\t<div class=\"elementor-widget-container\">\n\t\t\t\t\t\t\t<div class=\"ot-heading\">\r\n\t        \t            <span>\/\/ WAS WIR ANBIETEN<\/span>\r\n\t        <h2 class=\"main-heading\">Ihr Partner f\u00fcr <br>\nDigital Engineering Consulting<\/h2>\t    <\/div>\r\n\t    \t\t\t\t<\/div>\n\t\t\t\t<\/div>\n\t\t\t\t<div class=\"elementor-element elementor-element-5f326aa elementor-widget elementor-widget-text-editor\" data-id=\"5f326aa\" data-element_type=\"widget\" data-widget_type=\"text-editor.default\">\n\t\t\t\t<div class=\"elementor-widget-container\">\n\t\t\t\t\t\t\t\t\t<p><strong><i>Schaffung von\u00a0<\/i><i>digitaler Exzellenz und Gesch\u00e4ftswert <\/i><i>f\u00fcr\u00a0<\/i><i>unsere\u00a0<\/i><i>Kunden\u00a0<\/i><i>durch<\/i><\/strong><\/p><ul><li><span class=\"\">Strategische Gesch\u00e4ftsentwicklung<\/span><\/li><li>Digitale Transformation \u2013 Beratung und Strategie<\/li><li>End-to-End-Digitalisierung<\/li><li>Nachhaltige Vernetzung von Herstellern und Lieferanten<\/li><\/ul><p><strong><i>Aufbau\u00a0<\/i><i>interkultureller\u00a0<\/i><i>Zusammenarbeit\u00a0<\/i><i>und Netzwerke<\/i><\/strong><\/p><ul><li>Basierend auf Werten wie Offenheit, Vertrauen und Verl\u00e4sslichkeit<\/li><\/ul>\t\t\t\t\t\t\t\t<\/div>\n\t\t\t\t<\/div>\n\t\t\t\t\t<\/div>\n\t\t<\/div>\n\t\t\t\t<div class=\"elementor-column elementor-col-50 elementor-top-column elementor-element elementor-element-7564da8\" data-id=\"7564da8\" data-element_type=\"column\">\n\t\t\t<div class=\"elementor-widget-wrap elementor-element-populated\">\n\t\t\t\t\t\t<section class=\"elementor-section elementor-inner-section elementor-element elementor-element-c97a89f elementor-section-full_width ot-layout_block elementor-section-height-default elementor-section-height-default\" data-id=\"c97a89f\" data-element_type=\"section\">\n\t\t\t\t\t\t<div class=\"elementor-container elementor-column-gap-extended\">\n\t\t\t\t\t<div class=\"elementor-column elementor-col-50 elementor-inner-column elementor-element elementor-element-ee166a8\" data-id=\"ee166a8\" data-element_type=\"column\">\n\t\t\t<div class=\"elementor-widget-wrap elementor-element-populated\">\n\t\t\t\t\t\t<div class=\"elementor-element elementor-element-3bd0bf1 elementor-widget elementor-widget-iimagebox1\" data-id=\"3bd0bf1\" data-element_type=\"widget\" data-widget_type=\"iimagebox1.default\">\n\t\t\t\t<div class=\"elementor-widget-container\">\n\t\t\t\t\t\t\t<a class=\"ot-image-box\" href=\"#\">\r\n\t\t\t<div class=\"overlay\">\r\n\t        \t<h4>Strategie und Beratung zur digitalen Transformation<\/h4>\r\n\t\t\t<\/div>\r\n\t\t\t<img decoding=\"async\" src=\"http:\/\/www.haasisdec.com\/de\/wp-content\/uploads\/2021\/06\/MACHINE-LEARNING-1.jpg\" alt=\"Strategie und Beratung zur digitalen Transformation\">\r\n\t\t<\/a>\r\n\t    \t\t\t\t<\/div>\n\t\t\t\t<\/div>\n\t\t\t\t<div class=\"elementor-element elementor-element-f732a9b elementor-widget elementor-widget-iimagebox1\" data-id=\"f732a9b\" data-element_type=\"widget\" data-widget_type=\"iimagebox1.default\">\n\t\t\t\t<div class=\"elementor-widget-container\">\n\t\t\t\t\t\t\t<a class=\"ot-image-box\" href=\"#\">\r\n\t\t\t<div class=\"overlay\">\r\n\t        \t<h4>Innovation, Keynotes und Vortr\u00e4ge<\/h4>\r\n\t\t\t<\/div>\r\n\t\t\t<img decoding=\"async\" src=\"http:\/\/www.haasisdec.com\/de\/wp-content\/uploads\/2021\/06\/KEYNOTES-1.jpg\" alt=\"Innovation, Keynotes und Vortr\u00e4ge\">\r\n\t\t<\/a>\r\n\t    \t\t\t\t<\/div>\n\t\t\t\t<\/div>\n\t\t\t\t\t<\/div>\n\t\t<\/div>\n\t\t\t\t<div class=\"elementor-column elementor-col-50 elementor-inner-column elementor-element elementor-element-d9c942d\" data-id=\"d9c942d\" data-element_type=\"column\">\n\t\t\t<div class=\"elementor-widget-wrap elementor-element-populated\">\n\t\t\t\t\t\t<div class=\"elementor-element elementor-element-0d52049 elementor-widget elementor-widget-iimagebox1\" data-id=\"0d52049\" data-element_type=\"widget\" data-widget_type=\"iimagebox1.default\">\n\t\t\t\t<div class=\"elementor-widget-container\">\n\t\t\t\t\t\t\t<a class=\"ot-image-box\" href=\"#\">\r\n\t\t\t<div class=\"overlay\">\r\n\t        \t<h4>Asien-Strategie und Netzwerk<\/h4>\r\n\t\t\t<\/div>\r\n\t\t\t<img decoding=\"async\" src=\"http:\/\/www.haasisdec.com\/de\/wp-content\/uploads\/2021\/06\/ASIAN-1.jpg\" alt=\"Asien-Strategie und Netzwerk\">\r\n\t\t<\/a>\r\n\t    \t\t\t\t<\/div>\n\t\t\t\t<\/div>\n\t\t\t\t<div class=\"elementor-element elementor-element-cf54c53 elementor-widget elementor-widget-iimagebox1\" data-id=\"cf54c53\" data-element_type=\"widget\" data-widget_type=\"iimagebox1.default\">\n\t\t\t\t<div class=\"elementor-widget-container\">\n\t\t\t\t\t\t\t<a class=\"ot-image-box\" href=\"#\">\r\n\t\t\t<div class=\"overlay\">\r\n\t        \t<h4>F\u00fchrungscoaching<\/h4>\r\n\t\t\t<\/div>\r\n\t\t\t<img decoding=\"async\" src=\"http:\/\/www.haasisdec.com\/de\/wp-content\/uploads\/2021\/06\/MAIN-HAASIS-KEYNOTE.jpg\" alt=\"F\u00fchrungscoaching\">\r\n\t\t<\/a>\r\n\t    \t\t\t\t<\/div>\n\t\t\t\t<\/div>\n\t\t\t\t\t<\/div>\n\t\t<\/div>\n\t\t\t\t\t<\/div>\n\t\t<\/section>\n\t\t\t\t\t<\/div>\n\t\t<\/div>\n\t\t\t\t\t<\/div>\n\t\t<\/section>\n\t\t\t\t<\/div>\n\t\t","protected":false},"excerpt":{"rendered":"<p>\/\/ WAS WIR ANBIETEN Ihr Partner f\u00fcr Digital Engineering Consulting Schaffung von\u00a0digitaler Exzellenz und Gesch\u00e4ftswert f\u00fcr\u00a0unsere\u00a0Kunden\u00a0durch Strategische Gesch\u00e4ftsentwicklung Digitale Transformation \u2013 Beratung und Strategie End-to-End-Digitalisierung Nachhaltige Vernetzung von Herstellern und Lieferanten Aufbau\u00a0interkultureller\u00a0Zusammenarbeit\u00a0und Netzwerke Basierend auf Werten wie Offenheit, Vertrauen und Verl\u00e4sslichkeit Strategie und Beratung zur digitalen Transformation Innovation, Keynotes und Vortr\u00e4ge Asien-Strategie und Netzwerk F\u00fchrungscoaching<\/p>\n","protected":false},"author":1,"featured_media":0,"parent":0,"menu_order":0,"comment_status":"closed","ping_status":"closed","template":"","meta":{"footnotes":""},"class_list":["post-1579","page","type-page","status-publish","hentry"],"_links":{"self":[{"href":"https:\/\/www.haasisdec.com\/de\/wp-json\/wp\/v2\/pages\/1579","targetHints":{"allow":["GET"]}}],"collection":[{"href":"https:\/\/www.haasisdec.com\/de\/wp-json\/wp\/v2\/pages"}],"about":[{"href":"https:\/\/www.haasisdec.com\/de\/wp-json\/wp\/v2\/types\/page"}],"author":[{"embeddable":true,"href":"https:\/\/www.haasisdec.com\/de\/wp-json\/wp\/v2\/users\/1"}],"replies":[{"embeddable":true,"href":"https:\/\/www.haasisdec.com\/de\/wp-json\/wp\/v2\/comments?post=1579"}],"version-history":[{"count":157,"href":"https:\/\/www.haasisdec.com\/de\/wp-json\/wp\/v2\/pages\/1579\/revisions"}],"predecessor-version":[{"id":5265,"href":"https:\/\/www.haasisdec.com\/de\/wp-json\/wp\/v2\/pages\/1579\/revisions\/5265"}],"wp:attachment":[{"href":"https:\/\/www.haasisdec.com\/de\/wp-json\/wp\/v2\/media?parent=1579"}],"curies":[{"name":"wp","href":"https:\/\/api.w.org\/{rel}","templated":true}]}}