{"id":2588,"date":"2020-03-11T08:28:56","date_gmt":"2020-03-11T08:28:56","guid":{"rendered":"http:\/\/wpdemo.archiwp.com\/engitech\/?page_id=2588"},"modified":"2026-03-14T21:20:08","modified_gmt":"2026-03-14T21:20:08","slug":"home-5","status":"publish","type":"page","link":"https:\/\/www.haasisdec.com\/de\/","title":{"rendered":"Home 5"},"content":{"rendered":"\t\t<div data-elementor-type=\"wp-page\" data-elementor-id=\"2588\" class=\"elementor elementor-2588\">\n\t\t\t\t\t\t<section class=\"elementor-section elementor-top-section elementor-element elementor-element-3f6d759 ot-traditional elementor-section-boxed elementor-section-height-default elementor-section-height-default\" data-id=\"3f6d759\" data-element_type=\"section\">\n\t\t\t\t\t\t<div class=\"elementor-container elementor-column-gap-default\">\n\t\t\t\t\t<div class=\"elementor-column elementor-col-100 elementor-top-column elementor-element elementor-element-7749b57\" data-id=\"7749b57\" data-element_type=\"column\">\n\t\t\t<div class=\"elementor-widget-wrap elementor-element-populated\">\n\t\t\t\t\t\t<div class=\"elementor-element elementor-element-b7cd23f elementor-widget elementor-widget-shortcode\" data-id=\"b7cd23f\" data-element_type=\"widget\" data-widget_type=\"shortcode.default\">\n\t\t\t\t<div class=\"elementor-widget-container\">\n\t\t\t\t\t\t\t<div class=\"elementor-shortcode\">\n\t\t\t<!-- START Home 1 REVOLUTION SLIDER 6.4.11 --><p class=\"rs-p-wp-fix\"><\/p>\n\t\t\t<rs-module-wrap id=\"rev_slider_1_1_wrapper\" data-source=\"gallery\" style=\"background:transparent;padding:0;margin:0px auto;margin-top:0;margin-bottom:0;\">\n\t\t\t\t<rs-module id=\"rev_slider_1_1\" style=\"\" data-version=\"6.4.11\">\n\t\t\t\t\t<rs-slides>\n\t\t\t\t\t\t<rs-slide data-key=\"rs-1\" data-title=\"Slide\" data-in=\"o:0;\" data-out=\"a:false;\">\n\t\t\t\t\t\t\t<img fetchpriority=\"high\" decoding=\"async\" src=\"\/\/www.haasisdec.com\/de\/wp-content\/uploads\/2021\/05\/SIEGMAR-main.jpg\" title=\"SIEGMAR main\" width=\"2000\" height=\"1463\" class=\"rev-slidebg tp-rs-img\" data-no-retina>\n<!--\n\t\t\t\t\t\t\t--><rs-layer\n\t\t\t\t\t\t\t\tid=\"slider-1-slide-1-layer-0\" \n\t\t\t\t\t\t\t\tdata-type=\"text\"\n\t\t\t\t\t\t\t\tdata-rsp_ch=\"on\"\n\t\t\t\t\t\t\t\tdata-xy=\"xo:7px,15px,15px,15px;yo:301px,140px,155px,145px;\"\n\t\t\t\t\t\t\t\tdata-text=\"w:normal;s:45,60,40,30;l:49,62,52,42;fw:900;\"\n\t\t\t\t\t\t\t\tdata-frame_0=\"x:-47px;\"\n\t\t\t\t\t\t\t\tdata-frame_1=\"st:50;sp:1000;\"\n\t\t\t\t\t\t\t\tdata-frame_999=\"o:0;e:power4.inOut;st:w;sp:1000;sR:7500;\"\n\t\t\t\t\t\t\t\tstyle=\"z-index:9;font-family:Montserrat;\"\n\t\t\t\t\t\t\t>DIGITAL <br \/>\nENGINEERING <br \/>\nCONSULTING \n\t\t\t\t\t\t\t<\/rs-layer><!--\n\n\t\t\t\t\t\t\t--><rs-layer\n\t\t\t\t\t\t\t\tid=\"slider-1-slide-1-layer-1\" \n\t\t\t\t\t\t\t\tdata-type=\"text\"\n\t\t\t\t\t\t\t\tdata-rsp_ch=\"on\"\n\t\t\t\t\t\t\t\tdata-xy=\"xo:15px;yo:468px,279px,271px,273px;\"\n\t\t\t\t\t\t\t\tdata-text=\"w:normal;s:23,18,16,14;l:30,34,30,28;\"\n\t\t\t\t\t\t\t\tdata-frame_0=\"x:50;\"\n\t\t\t\t\t\t\t\tdata-frame_1=\"sp:10;sR:1000;\"\n\t\t\t\t\t\t\t\tdata-frame_999=\"o:0;e:power4.inOut;st:w;sp:1000;sR:7000;\"\n\t\t\t\t\t\t\t\tstyle=\"z-index:10;font-family:Nunito Sans;\"\n\t\t\t\t\t\t\t>26 Jahre Erfahrung in <br \/>\nDigitaler Exzellenz<br \/>\n \n\t\t\t\t\t\t\t<\/rs-layer><!--\n\n\t\t\t\t\t\t\t--><rs-layer\n\t\t\t\t\t\t\t\tid=\"slider-1-slide-1-layer-9\" \n\t\t\t\t\t\t\t\tdata-type=\"text\"\n\t\t\t\t\t\t\t\tdata-rsp_ch=\"on\"\n\t\t\t\t\t\t\t\tdata-xy=\"xo:15px;yo:231px,105px,127px,133px;\"\n\t\t\t\t\t\t\t\tdata-text=\"w:normal;s:24,20,15,15;l:36,30,22,13;\"\n\t\t\t\t\t\t\t\tdata-vbility=\"t,t,t,f\"\n\t\t\t\t\t\t\t\tdata-frame_0=\"x:50,42,31,19;\"\n\t\t\t\t\t\t\t\tdata-frame_1=\"sp:1000;\"\n\t\t\t\t\t\t\t\tdata-frame_999=\"o:0;st:w;sR:8000;\"\n\t\t\t\t\t\t\t\tstyle=\"z-index:8;font-family:Nunito Sans;\"\n\t\t\t\t\t\t\t>\/\/ Beschleunigen Sie lhre Digitale Transformation \n\t\t\t\t\t\t\t<\/rs-layer><!--\n\n\t\t\t\t\t\t\t--><a\n\t\t\t\t\t\t\t\tid=\"slider-1-slide-1-layer-10\" \n\t\t\t\t\t\t\t\tclass=\"rs-layer rev-btn\"\n\t\t\t\t\t\t\t\thref=\"https:\/\/www.haasisdec.com\/de\/about-us\/\" target=\"_self\" rel=\"nofollow\"\n\t\t\t\t\t\t\t\tdata-type=\"button\"\n\t\t\t\t\t\t\t\tdata-rsp_ch=\"on\"\n\t\t\t\t\t\t\t\tdata-xy=\"xo:17px,15px,15px,15px;yo:574px,385px,367px,336px;\"\n\t\t\t\t\t\t\t\tdata-text=\"w:normal;s:14,14,14,12;l:18,18,18,16;fw:700;\"\n\t\t\t\t\t\t\t\tdata-dim=\"minh:0px,none,none,none;\"\n\t\t\t\t\t\t\t\tdata-padding=\"t:20,17,13,13;r:35,30,25,22;b:20,17,13,13;l:35,30,25,22;\"\n\t\t\t\t\t\t\t\tdata-frame_0=\"x:50,42,31,19;\"\n\t\t\t\t\t\t\t\tdata-frame_1=\"sp:10;sR:1500;\"\n\t\t\t\t\t\t\t\tdata-frame_999=\"o:0;st:w;sR:6500;\"\n\t\t\t\t\t\t\t\tdata-frame_hover=\"bgc:#1b5866;bor:0px,0px,0px,0px;sp:200;e:power1.inOut;\"\n\t\t\t\t\t\t\t\tstyle=\"z-index:11;background-color:#0d0411;font-family:Nunito Sans;\"\n\t\t\t\t\t\t\t>MEHR DETAILS \n\t\t\t\t\t\t\t<\/a><!--\n-->\t\t\t\t\t\t<\/rs-slide>\n\t\t\t\t\t<\/rs-slides>\n\t\t\t\t\t<rs-static-layers><!--\n\t\t\t\t\t--><\/rs-static-layers>\n\t\t\t\t<\/rs-module>\n\t\t\t\t<script type=\"text\/javascript\">\n\t\t\t\t\tsetREVStartSize({c: 'rev_slider_1_1',rl:[1240,1024,778,480],el:[809,600,630,600],gw:[1200,1024,768,480],gh:[809,600,630,600],type:'standard',justify:'',layout:'fullwidth',mh:\"0\"});\n\t\t\t\t\tvar\trevapi1,\n\t\t\t\t\t\ttpj;\n\t\t\t\t\tfunction revinit_revslider11() {\n\t\t\t\t\tjQuery(function() {\n\t\t\t\t\t\ttpj = jQuery;\n\t\t\t\t\t\trevapi1 = tpj(\"#rev_slider_1_1\");\n\t\t\t\t\t\tif(revapi1==undefined || revapi1.revolution == undefined){\n\t\t\t\t\t\t\trevslider_showDoubleJqueryError(\"rev_slider_1_1\");\n\t\t\t\t\t\t}else{\n\t\t\t\t\t\t\trevapi1.revolution({\n\t\t\t\t\t\t\t\tDPR:\"dpr\",\n\t\t\t\t\t\t\t\tsliderLayout:\"fullwidth\",\n\t\t\t\t\t\t\t\tvisibilityLevels:\"1240,1024,778,480\",\n\t\t\t\t\t\t\t\tgridwidth:\"1200,1024,768,480\",\n\t\t\t\t\t\t\t\tgridheight:\"809,600,630,600\",\n\t\t\t\t\t\t\t\tspinner:\"spinner0\",\n\t\t\t\t\t\t\t\tperspective:600,\n\t\t\t\t\t\t\t\tperspectiveType:\"local\",\n\t\t\t\t\t\t\t\teditorheight:\"809,600,630,600\",\n\t\t\t\t\t\t\t\tresponsiveLevels:\"1240,1024,778,480\",\n\t\t\t\t\t\t\t\tprogressBar:{disableProgressBar:true},\n\t\t\t\t\t\t\t\tnavigation: {\n\t\t\t\t\t\t\t\t\tonHoverStop:false\n\t\t\t\t\t\t\t\t},\n\t\t\t\t\t\t\t\tfallbacks: {\n\t\t\t\t\t\t\t\t\tallowHTML5AutoPlayOnAndroid:true\n\t\t\t\t\t\t\t\t},\n\t\t\t\t\t\t\t});\n\t\t\t\t\t\t}\n\t\t\t\t\t\t\n\t\t\t\t\t});\n\t\t\t\t\t} \/\/ End of RevInitScript\n\t\t\t\tvar once_revslider11 = false;\n\t\t\t\tif (document.readyState === \"loading\") {document.addEventListener('readystatechange',function() { if((document.readyState === \"interactive\" || document.readyState === \"complete\") && !once_revslider11 ) { once_revslider11 = true; revinit_revslider11();}});} else {once_revslider11 = true; revinit_revslider11();}\n\t\t\t\t<\/script>\n\t\t\t<\/rs-module-wrap>\n\t\t\t<!-- END REVOLUTION SLIDER -->\n<\/div>\n\t\t\t\t\t\t<\/div>\n\t\t\t\t<\/div>\n\t\t\t\t\t<\/div>\n\t\t<\/div>\n\t\t\t\t\t<\/div>\n\t\t<\/section>\n\t\t\t\t<section class=\"elementor-section elementor-top-section elementor-element elementor-element-9171d3e ot-traditional elementor-section-boxed elementor-section-height-default elementor-section-height-default\" data-id=\"9171d3e\" data-element_type=\"section\">\n\t\t\t\t\t\t<div class=\"elementor-container elementor-column-gap-default\">\n\t\t\t\t\t<div class=\"elementor-column elementor-col-100 elementor-top-column elementor-element elementor-element-4ca70da\" data-id=\"4ca70da\" data-element_type=\"column\">\n\t\t\t<div class=\"elementor-widget-wrap elementor-element-populated\">\n\t\t\t\t\t\t<div class=\"elementor-element elementor-element-c41bac3 elementor-widget elementor-widget-iheading\" data-id=\"c41bac3\" data-element_type=\"widget\" data-widget_type=\"iheading.default\">\n\t\t\t\t<div class=\"elementor-widget-container\">\n\t\t\t\t\t\t\t<div class=\"ot-heading\">\r\n\t        \t            <span>\/\/ WERTVERSPRECHEN<\/span>\r\n\t        <h2 class=\"main-heading\">DIENSTLEISTUNGEN<\/h2>\t    <\/div>\r\n\t    \t\t\t\t<\/div>\n\t\t\t\t<\/div>\n\t\t\t\t<div class=\"elementor-element elementor-element-30c45c9 elementor-widget elementor-widget-spacer\" data-id=\"30c45c9\" data-element_type=\"widget\" data-widget_type=\"spacer.default\">\n\t\t\t\t<div class=\"elementor-widget-container\">\n\t\t\t\t\t\t\t<div class=\"elementor-spacer\">\n\t\t\t<div class=\"elementor-spacer-inner\"><\/div>\n\t\t<\/div>\n\t\t\t\t\t\t<\/div>\n\t\t\t\t<\/div>\n\t\t\t\t<section class=\"elementor-section elementor-inner-section elementor-element elementor-element-ad314d9 elementor-section-full_width ot-traditional elementor-section-height-default elementor-section-height-default\" data-id=\"ad314d9\" data-element_type=\"section\">\n\t\t\t\t\t\t<div class=\"elementor-container elementor-column-gap-extended\">\n\t\t\t\t\t<div class=\"elementor-column elementor-col-33 elementor-inner-column elementor-element elementor-element-2b930ec\" data-id=\"2b930ec\" data-element_type=\"column\">\n\t\t\t<div class=\"elementor-widget-wrap elementor-element-populated\">\n\t\t\t\t\t\t<div class=\"elementor-element elementor-element-76f339d elementor-widget elementor-widget-image\" data-id=\"76f339d\" data-element_type=\"widget\" data-widget_type=\"image.default\">\n\t\t\t\t<div class=\"elementor-widget-container\">\n\t\t\t\t\t\t\t\t\t\t\t\t\t\t\t\t<a href=\"https:\/\/www.haasisdec.com\/de\/services\/digital-engineering-consulting-and-advisory\/\">\n\t\t\t\t\t\t\t<img decoding=\"async\" width=\"400\" height=\"450\" src=\"https:\/\/www.haasisdec.com\/de\/wp-content\/uploads\/2021\/06\/DIGITAL-ENGINEERING-1.jpg\" class=\"attachment-large size-large wp-image-4533\" alt=\"\" srcset=\"https:\/\/www.haasisdec.com\/de\/wp-content\/uploads\/2021\/06\/DIGITAL-ENGINEERING-1.jpg 400w, https:\/\/www.haasisdec.com\/de\/wp-content\/uploads\/2021\/06\/DIGITAL-ENGINEERING-1-267x300.jpg 267w\" sizes=\"(max-width: 400px) 100vw, 400px\" \/>\t\t\t\t\t\t\t\t<\/a>\n\t\t\t\t\t\t\t\t\t\t\t\t\t\t\t<\/div>\n\t\t\t\t<\/div>\n\t\t\t\t<div class=\"elementor-element elementor-element-ccfc8a9 elementor-widget elementor-widget-iserv_box\" data-id=\"ccfc8a9\" data-element_type=\"widget\" data-widget_type=\"iserv_box.default\">\n\t\t\t\t<div class=\"elementor-widget-container\">\n\t\t\t\t\t\r\n\t\t<div class=\"serv-box s1 elementor-animation-float\">\r\n\t\t\t<a href=\"https:\/\/www.haasisdec.com\/de\/it-services\/digital-engineering-consulting-and-advisory\/\" class=\"overlay\"><\/a>\t\t\t<div class=\"icon-main\">\r\n\t\t        \t\t\t    \t\t        <span class=\"flaticon-tablet\"><\/span>\t        <\/div>\r\n\t        <div class=\"content-box\">\r\n\t            <h5>Digital Engineering Beratung und Strategie<\/h5>\r\n\t            \t        <\/div>\r\n\t    <\/div>\r\n\r\n\t    \t\t\t\t<\/div>\n\t\t\t\t<\/div>\n\t\t\t\t\t<\/div>\n\t\t<\/div>\n\t\t\t\t<div class=\"elementor-column elementor-col-33 elementor-inner-column elementor-element elementor-element-7cf1d93\" data-id=\"7cf1d93\" data-element_type=\"column\">\n\t\t\t<div class=\"elementor-widget-wrap elementor-element-populated\">\n\t\t\t\t\t\t<div class=\"elementor-element elementor-element-0082d11 elementor-widget elementor-widget-image\" data-id=\"0082d11\" data-element_type=\"widget\" data-widget_type=\"image.default\">\n\t\t\t\t<div class=\"elementor-widget-container\">\n\t\t\t\t\t\t\t\t\t\t\t\t\t\t\t\t<a href=\"https:\/\/www.haasisdec.com\/de\/services\/asia-strategy-and-network\/\">\n\t\t\t\t\t\t\t<img decoding=\"async\" width=\"800\" height=\"900\" src=\"https:\/\/www.haasisdec.com\/de\/wp-content\/uploads\/2021\/07\/HAASIS_SIGMAR_MAIN_IMAGE.jpg\" class=\"attachment-large size-large wp-image-5124\" alt=\"\" srcset=\"https:\/\/www.haasisdec.com\/de\/wp-content\/uploads\/2021\/07\/HAASIS_SIGMAR_MAIN_IMAGE.jpg 800w, https:\/\/www.haasisdec.com\/de\/wp-content\/uploads\/2021\/07\/HAASIS_SIGMAR_MAIN_IMAGE-267x300.jpg 267w, https:\/\/www.haasisdec.com\/de\/wp-content\/uploads\/2021\/07\/HAASIS_SIGMAR_MAIN_IMAGE-768x864.jpg 768w, https:\/\/www.haasisdec.com\/de\/wp-content\/uploads\/2021\/07\/HAASIS_SIGMAR_MAIN_IMAGE-720x810.jpg 720w\" sizes=\"(max-width: 800px) 100vw, 800px\" \/>\t\t\t\t\t\t\t\t<\/a>\n\t\t\t\t\t\t\t\t\t\t\t\t\t\t\t<\/div>\n\t\t\t\t<\/div>\n\t\t\t\t<div class=\"elementor-element elementor-element-8400fa6 elementor-widget elementor-widget-iserv_box\" data-id=\"8400fa6\" data-element_type=\"widget\" data-widget_type=\"iserv_box.default\">\n\t\t\t\t<div class=\"elementor-widget-container\">\n\t\t\t\t\t\r\n\t\t<div class=\"serv-box s1 elementor-animation-float\">\r\n\t\t\t<a href=\"https:\/\/www.haasisdec.com\/de\/it-services\/asia-strategy-and-network\/\" class=\"overlay\"><\/a>\t\t\t<div class=\"icon-main\">\r\n\t\t        \t\t\t    \t\t        <span class=\"flaticon-report\"><\/span>\t        <\/div>\r\n\t        <div class=\"content-box\">\r\n\t            <h5>Asien Strategie <br>und Netzwerk<br><br><\/h5>\r\n\t            \t        <\/div>\r\n\t    <\/div>\r\n\r\n\t    \t\t\t\t<\/div>\n\t\t\t\t<\/div>\n\t\t\t\t\t<\/div>\n\t\t<\/div>\n\t\t\t\t<div class=\"elementor-column elementor-col-33 elementor-inner-column elementor-element elementor-element-930fded\" data-id=\"930fded\" data-element_type=\"column\">\n\t\t\t<div class=\"elementor-widget-wrap elementor-element-populated\">\n\t\t\t\t\t\t<div class=\"elementor-element elementor-element-f146b30 elementor-widget elementor-widget-image\" data-id=\"f146b30\" data-element_type=\"widget\" data-widget_type=\"image.default\">\n\t\t\t\t<div class=\"elementor-widget-container\">\n\t\t\t\t\t\t\t\t\t\t\t\t\t\t\t\t<a href=\"https:\/\/www.haasisdec.com\/de\/services\/keynotes-and-lectures\/\">\n\t\t\t\t\t\t\t<img loading=\"lazy\" decoding=\"async\" width=\"400\" height=\"450\" src=\"https:\/\/www.haasisdec.com\/de\/wp-content\/uploads\/2021\/06\/LECTURES-KEYNOTES-HHHHHHH.jpg\" class=\"attachment-large size-large wp-image-4580\" alt=\"\" srcset=\"https:\/\/www.haasisdec.com\/de\/wp-content\/uploads\/2021\/06\/LECTURES-KEYNOTES-HHHHHHH.jpg 400w, https:\/\/www.haasisdec.com\/de\/wp-content\/uploads\/2021\/06\/LECTURES-KEYNOTES-HHHHHHH-267x300.jpg 267w\" sizes=\"(max-width: 400px) 100vw, 400px\" \/>\t\t\t\t\t\t\t\t<\/a>\n\t\t\t\t\t\t\t\t\t\t\t\t\t\t\t<\/div>\n\t\t\t\t<\/div>\n\t\t\t\t<div class=\"elementor-element elementor-element-e3d1a3e elementor-widget elementor-widget-iserv_box\" data-id=\"e3d1a3e\" data-element_type=\"widget\" data-widget_type=\"iserv_box.default\">\n\t\t\t\t<div class=\"elementor-widget-container\">\n\t\t\t\t\t\r\n\t\t<div class=\"serv-box s1 elementor-animation-float\">\r\n\t\t\t<a href=\"https:\/\/www.haasisdec.com\/de\/it-services\/keynotes-and-lectures\/\" class=\"overlay\"><\/a>\t\t\t<div class=\"icon-main\">\r\n\t\t        \t\t\t    \t\t        <span class=\"flaticon-ui\"><\/span>\t        <\/div>\r\n\t        <div class=\"content-box\">\r\n\t            <h5>Innovation, Keynotes und Vortr\u00e4ge\u00a0<br><\/h5>\r\n\t            \t        <\/div>\r\n\t    <\/div>\r\n\r\n\t    \t\t\t\t<\/div>\n\t\t\t\t<\/div>\n\t\t\t\t\t<\/div>\n\t\t<\/div>\n\t\t\t\t\t<\/div>\n\t\t<\/section>\n\t\t\t\t\t<\/div>\n\t\t<\/div>\n\t\t\t\t\t<\/div>\n\t\t<\/section>\n\t\t\t\t<section class=\"elementor-section elementor-top-section elementor-element elementor-element-b71abdc ot-traditional elementor-section-boxed elementor-section-height-default elementor-section-height-default\" data-id=\"b71abdc\" data-element_type=\"section\" data-settings=\"{&quot;background_background&quot;:&quot;classic&quot;}\">\n\t\t\t\t\t\t<div class=\"elementor-container elementor-column-gap-default\">\n\t\t\t\t\t<div class=\"elementor-column elementor-col-100 elementor-top-column elementor-element elementor-element-9ff8a89\" data-id=\"9ff8a89\" data-element_type=\"column\">\n\t\t\t<div class=\"elementor-widget-wrap elementor-element-populated\">\n\t\t\t\t\t\t<div class=\"elementor-element elementor-element-f92affa elementor-widget elementor-widget-iheading\" data-id=\"f92affa\" data-element_type=\"widget\" data-widget_type=\"iheading.default\">\n\t\t\t\t<div class=\"elementor-widget-container\">\n\t\t\t\t\t\t\t<div class=\"ot-heading\">\r\n\t        \t            <span>\/\/\u00dcber Die Organisation<\/span>\r\n\t        <h2 class=\"main-heading\">UNTERNEHMENS-PROFIL\n<\/h2>\t    <\/div>\r\n\t    \t\t\t\t<\/div>\n\t\t\t\t<\/div>\n\t\t\t\t<div class=\"elementor-element elementor-element-348e10a elementor-widget elementor-widget-text-editor\" data-id=\"348e10a\" data-element_type=\"widget\" data-widget_type=\"text-editor.default\">\n\t\t\t\t<div class=\"elementor-widget-container\">\n\t\t\t\t\t\t\t\t\t<h5><strong>Wir helfen Unternehmen, ihren Wert durch verschiedene Digitalisierungs-Dienstleistungen zu steigern.<\/strong><\/h5>\t\t\t\t\t\t\t\t<\/div>\n\t\t\t\t<\/div>\n\t\t\t\t<section class=\"elementor-section elementor-inner-section elementor-element elementor-element-159737b elementor-section-full_width ot-traditional elementor-section-height-default elementor-section-height-default\" data-id=\"159737b\" data-element_type=\"section\">\n\t\t\t\t\t\t<div class=\"elementor-container elementor-column-gap-no\">\n\t\t\t\t\t<div class=\"elementor-column elementor-col-50 elementor-inner-column elementor-element elementor-element-67aebc8\" data-id=\"67aebc8\" data-element_type=\"column\">\n\t\t\t<div class=\"elementor-widget-wrap elementor-element-populated\">\n\t\t\t\t\t\t<div class=\"elementor-element elementor-element-1d9aded elementor-widget elementor-widget-imember\" data-id=\"1d9aded\" data-element_type=\"widget\" data-widget_type=\"imember.default\">\n\t\t\t\t<div class=\"elementor-widget-container\">\n\t\t\t\t\t\r\n\t\t<div class=\"team-wrap\">\r\n\t\t\t\t\t\t<div class=\"team-thumb\">\r\n\t\t\t\t<img loading=\"lazy\" decoding=\"async\" width=\"500\" height=\"453\" src=\"https:\/\/www.haasisdec.com\/de\/wp-content\/uploads\/2021\/05\/MAIN-IMAGE.jpg\" class=\"attachment-full size-full wp-image-4212\" alt=\"\" srcset=\"https:\/\/www.haasisdec.com\/de\/wp-content\/uploads\/2021\/05\/MAIN-IMAGE.jpg 500w, https:\/\/www.haasisdec.com\/de\/wp-content\/uploads\/2021\/05\/MAIN-IMAGE-300x272.jpg 300w\" sizes=\"(max-width: 500px) 100vw, 500px\" \/>\t\t\t\t                    <div class=\"team-social flex-middle\">\r\n                    \t<div>\r\n                                                                                    <a rel=\"nofollow\" \r\n                                        href=\"https:\/\/www.linkedin.com\/in\/dr-siegmar-haasis-a952a1160\/\" class=\"linkedin\">\r\n                                     <i class=\"fab fab fa-linkedin-in\"><\/i>\r\n                                <\/a>\r\n                                                                                                                <a rel=\"nofollow\" \r\n                                        href=\"https:\/\/www.xing.com\/profile\/Siegmar_Haasis\" class=\"social\">\r\n                                     <i class=\"fab fab fa-xing\"><\/i>\r\n                                <\/a>\r\n                                                                                                                <a rel=\"nofollow\" \r\n                                        href=\"https:\/\/www.facebook.com\/Haasisdec-107761971518609\" class=\"facebook\">\r\n                                     <i class=\"fab fab fa-facebook-f\"><\/i>\r\n                                <\/a>\r\n                                                                                                                <a rel=\"nofollow\" \r\n                                        href=\"mailto: siegmar.haasis@haasisdec.com\" class=\"email\">\r\n                                     <i class=\"fab far fa-envelope\"><\/i>\r\n                                <\/a>\r\n                                                                        \t<\/div>\r\n                    <\/div>  \r\n                \t\t\t<\/div>\r\n\t\t\t\t\t\t<div class=\"team-info\">\r\n\t\t\t\t<h4>Dr. Siegmar Haasis<\/h4>\r\n\t\t\t\t<span>GR\u00dcNDER & CEO<\/span>\r\n\t\t\t<\/div>\r\n\t\t<\/div>\r\n\t        \r\n\t    \t\t\t\t<\/div>\n\t\t\t\t<\/div>\n\t\t\t\t\t<\/div>\n\t\t<\/div>\n\t\t\t\t<div class=\"elementor-column elementor-col-50 elementor-inner-column elementor-element elementor-element-0ca2987\" data-id=\"0ca2987\" data-element_type=\"column\">\n\t\t\t<div class=\"elementor-widget-wrap elementor-element-populated\">\n\t\t\t\t\t\t<div class=\"elementor-element elementor-element-f42b1bc elementor-widget elementor-widget-text-editor\" data-id=\"f42b1bc\" data-element_type=\"widget\" data-widget_type=\"text-editor.default\">\n\t\t\t\t<div class=\"elementor-widget-container\">\n\t\t\t\t\t\t\t\t\t<h5><span class=\"\">Schaffung von digitaler Exzellenz und Gesch\u00e4ftswert f\u00fcr unsere Kunden durch<\/span><\/h5><ul><li><span class=\"\">Strategische Gesch\u00e4ftsentwicklung<\/span><\/li><li>Digitale Transformation \u2013 Beratung und Begleitung<\/li><li>End-to-End-Digitalisierung<\/li><li>Nachhaltige Vernetzung von Herstellern und Lieferanten<\/li><\/ul><h5>Aufbau interkultureller Zusammenarbeit und Netzwerke<\/h5><ul><li><span class=\"\">Basierend auf Werten wie Offenheit, Vertrauen und Verl\u00e4sslichkeit<\/span><\/li><\/ul>\t\t\t\t\t\t\t\t<\/div>\n\t\t\t\t<\/div>\n\t\t\t\t<div class=\"elementor-element elementor-element-046f796 elementor-widget elementor-widget-spacer\" data-id=\"046f796\" data-element_type=\"widget\" data-widget_type=\"spacer.default\">\n\t\t\t\t<div class=\"elementor-widget-container\">\n\t\t\t\t\t\t\t<div class=\"elementor-spacer\">\n\t\t\t<div class=\"elementor-spacer-inner\"><\/div>\n\t\t<\/div>\n\t\t\t\t\t\t<\/div>\n\t\t\t\t<\/div>\n\t\t\t\t<div class=\"elementor-element elementor-element-d80269e elementor-widget elementor-widget-text-editor\" data-id=\"d80269e\" data-element_type=\"widget\" data-widget_type=\"text-editor.default\">\n\t\t\t\t<div class=\"elementor-widget-container\">\n\t\t\t\t\t\t\t\t\t<style>\n.btn2.elementor-button {\n    padding: 5px 12px;\n    font-size: 12px;\n    line-height: 1.2;\n    min-height: 28px;\n}\n\n.btn2 .elementor-button-text {\n    font-size: 12px;\n}\n<\/style>\n\n<div class=\"elementor-button-wrapper\">\n\n<a class=\"btn2 elementor-button-link elementor-button elementor-size-md\" role=\"button\" href=\"https:\/\/www.haasisdec.com\/de\/about-us\/\">\n<span class=\"elementor-button-content-wrapper\">\n<span class=\"elementor-button-text\">\u00dcBER UNS<\/span>\n<\/span>\n<\/a>\n\n<a class=\"btn2 elementor-button-link elementor-button elementor-size-md\" role=\"button\" href=\"https:\/\/www.haasisdec.com\/de\/keynote-auswahl\/\">\n<span class=\"elementor-button-content-wrapper\">\n<span class=\"elementor-button-text\">KEYNOTE<\/span>\n<\/span>\n<\/a>\n\n<a class=\"btn2 elementor-button-link elementor-button elementor-size-md\" role=\"button\" href=\"https:\/\/www.haasisdec.com\/de\/aktualisierungen\/\">\n<span class=\"elementor-button-content-wrapper\">\n<span class=\"elementor-button-text\">Aktualisierungen<\/span>\n<\/span>\n<\/a>\n\n<\/div>\t\t\t\t\t\t\t\t<\/div>\n\t\t\t\t<\/div>\n\t\t\t\t\t<\/div>\n\t\t<\/div>\n\t\t\t\t\t<\/div>\n\t\t<\/section>\n\t\t\t\t\t<\/div>\n\t\t<\/div>\n\t\t\t\t\t<\/div>\n\t\t<\/section>\n\t\t\t\t<\/div>\n\t\t","protected":false},"excerpt":{"rendered":"<p>\/\/ WERTVERSPRECHEN DIENSTLEISTUNGEN Digital Engineering Beratung und Strategie Asien Strategie und Netzwerk Innovation, Keynotes und Vortr\u00e4ge\u00a0 \/\/\u00dcber Die Organisation UNTERNEHMENS-PROFIL Wir helfen Unternehmen, ihren Wert durch verschiedene Digitalisierungs-Dienstleistungen zu steigern. Dr. Siegmar Haasis GR\u00dcNDER &#038; CEO Schaffung von digitaler Exzellenz und Gesch\u00e4ftswert f\u00fcr unsere Kunden durch Strategische Gesch\u00e4ftsentwicklung Digitale Transformation \u2013 Beratung und Begleitung End-to-End-Digitalisierung [&hellip;]<\/p>\n","protected":false},"author":1,"featured_media":0,"parent":0,"menu_order":0,"comment_status":"closed","ping_status":"closed","template":"","meta":{"footnotes":""},"class_list":["post-2588","page","type-page","status-publish","hentry"],"_links":{"self":[{"href":"https:\/\/www.haasisdec.com\/de\/wp-json\/wp\/v2\/pages\/2588","targetHints":{"allow":["GET"]}}],"collection":[{"href":"https:\/\/www.haasisdec.com\/de\/wp-json\/wp\/v2\/pages"}],"about":[{"href":"https:\/\/www.haasisdec.com\/de\/wp-json\/wp\/v2\/types\/page"}],"author":[{"embeddable":true,"href":"https:\/\/www.haasisdec.com\/de\/wp-json\/wp\/v2\/users\/1"}],"replies":[{"embeddable":true,"href":"https:\/\/www.haasisdec.com\/de\/wp-json\/wp\/v2\/comments?post=2588"}],"version-history":[{"count":304,"href":"https:\/\/www.haasisdec.com\/de\/wp-json\/wp\/v2\/pages\/2588\/revisions"}],"predecessor-version":[{"id":5278,"href":"https:\/\/www.haasisdec.com\/de\/wp-json\/wp\/v2\/pages\/2588\/revisions\/5278"}],"wp:attachment":[{"href":"https:\/\/www.haasisdec.com\/de\/wp-json\/wp\/v2\/media?parent=2588"}],"curies":[{"name":"wp","href":"https:\/\/api.w.org\/{rel}","templated":true}]}}