{"id":2753,"date":"2021-05-23T19:19:18","date_gmt":"2021-05-23T19:19:18","guid":{"rendered":"https:\/\/www.haasisdec.com\/de\/?page_id=2753"},"modified":"2026-01-18T16:40:04","modified_gmt":"2026-01-18T16:40:04","slug":"asia-strategy-and-network","status":"publish","type":"page","link":"https:\/\/www.haasisdec.com\/de\/services\/asia-strategy-and-network\/","title":{"rendered":"Asien-Strategie und Netzwerk"},"content":{"rendered":"\t\t<div data-elementor-type=\"wp-page\" data-elementor-id=\"2753\" class=\"elementor elementor-2753\">\n\t\t\t\t\t\t<section class=\"elementor-section elementor-top-section elementor-element elementor-element-f983331 elementor-section-content-middle ot-traditional elementor-section-boxed elementor-section-height-default elementor-section-height-default\" data-id=\"f983331\" data-element_type=\"section\">\n\t\t\t\t\t\t<div class=\"elementor-container elementor-column-gap-extended\">\n\t\t\t\t\t<div class=\"elementor-column elementor-col-50 elementor-top-column elementor-element elementor-element-fb1c096\" data-id=\"fb1c096\" data-element_type=\"column\">\n\t\t\t<div class=\"elementor-widget-wrap elementor-element-populated\">\n\t\t\t\t\t\t<div class=\"elementor-element elementor-element-ab8c75d elementor-widget elementor-widget-image\" data-id=\"ab8c75d\" data-element_type=\"widget\" data-widget_type=\"image.default\">\n\t\t\t\t<div class=\"elementor-widget-container\">\n\t\t\t\t\t\t\t\t\t\t\t\t\t\t\t<img fetchpriority=\"high\" decoding=\"async\" width=\"570\" height=\"542\" src=\"https:\/\/www.haasisdec.com\/de\/wp-content\/uploads\/2021\/06\/ASIAN-STRATEGY-NETWORK-MAIN-IMAGE-FINAL.jpg\" class=\"attachment-full size-full wp-image-4543\" alt=\"\" srcset=\"https:\/\/www.haasisdec.com\/de\/wp-content\/uploads\/2021\/06\/ASIAN-STRATEGY-NETWORK-MAIN-IMAGE-FINAL.jpg 570w, https:\/\/www.haasisdec.com\/de\/wp-content\/uploads\/2021\/06\/ASIAN-STRATEGY-NETWORK-MAIN-IMAGE-FINAL-300x285.jpg 300w\" sizes=\"(max-width: 570px) 100vw, 570px\" \/>\t\t\t\t\t\t\t\t\t\t\t\t\t\t\t<\/div>\n\t\t\t\t<\/div>\n\t\t\t\t\t<\/div>\n\t\t<\/div>\n\t\t\t\t<div class=\"elementor-column elementor-col-50 elementor-top-column elementor-element elementor-element-8d40657\" data-id=\"8d40657\" data-element_type=\"column\">\n\t\t\t<div class=\"elementor-widget-wrap elementor-element-populated\">\n\t\t\t\t\t\t<div class=\"elementor-element elementor-element-b059e25 elementor-widget elementor-widget-iheading\" data-id=\"b059e25\" data-element_type=\"widget\" data-widget_type=\"iheading.default\">\n\t\t\t\t<div class=\"elementor-widget-container\">\n\t\t\t\t\t\t\t<div class=\"ot-heading\">\r\n\t        \t            <span>\/\/  \u00dcBER SERVICE<\/span>\r\n\t        <h2 class=\"main-heading\">Asien-Strategie und Netzwerk<\/h2>\t    <\/div>\r\n\t    \t\t\t\t<\/div>\n\t\t\t\t<\/div>\n\t\t\t\t<section class=\"elementor-section elementor-inner-section elementor-element elementor-element-5f1f08f elementor-section-full_width ot-traditional elementor-section-height-default elementor-section-height-default\" data-id=\"5f1f08f\" data-element_type=\"section\">\n\t\t\t\t\t\t<div class=\"elementor-container elementor-column-gap-extended\">\n\t\t\t\t\t<div class=\"elementor-column elementor-col-100 elementor-inner-column elementor-element elementor-element-4abda34\" data-id=\"4abda34\" data-element_type=\"column\">\n\t\t\t<div class=\"elementor-widget-wrap elementor-element-populated\">\n\t\t\t\t\t\t<div class=\"elementor-element elementor-element-88e9941 elementor-widget elementor-widget-text-editor\" data-id=\"88e9941\" data-element_type=\"widget\" data-widget_type=\"text-editor.default\">\n\t\t\t\t<div class=\"elementor-widget-container\">\n\t\t\t\t\t\t\t\t\t<ul><li><span class=\"goog-text-highlight\">Kooperationsstrategie und Networking<\/span><\/li><li>Beratung f\u00fcr Startups<\/li><li>M&amp;A, Investmentmanagement<\/li><li>Netzwerkberatung f\u00fcr Hersteller und Lieferanten<\/li><li>Netzwerk-Ber\u00e4tung f\u00fcr europ\u00e4ische Unternehmen in der Asienstrategie<\/li><\/ul><p><strong>Besonderer Fokus:<\/strong>\u00a0China, Indien, Singapur<\/p>\t\t\t\t\t\t\t\t<\/div>\n\t\t\t\t<\/div>\n\t\t\t\t\t<\/div>\n\t\t<\/div>\n\t\t\t\t\t<\/div>\n\t\t<\/section>\n\t\t\t\t\t<\/div>\n\t\t<\/div>\n\t\t\t\t\t<\/div>\n\t\t<\/section>\n\t\t\t\t<\/div>\n\t\t","protected":false},"excerpt":{"rendered":"<p>\/\/ \u00dcBER SERVICE Asien-Strategie und Netzwerk Kooperationsstrategie und Networking Beratung f\u00fcr Startups M&amp;A, Investmentmanagement Netzwerkberatung f\u00fcr Hersteller und Lieferanten Netzwerk-Ber\u00e4tung f\u00fcr europ\u00e4ische Unternehmen in der Asienstrategie Besonderer Fokus:\u00a0China, Indien, Singapur<\/p>\n","protected":false},"author":1,"featured_media":0,"parent":2407,"menu_order":0,"comment_status":"closed","ping_status":"closed","template":"","meta":{"footnotes":""},"class_list":["post-2753","page","type-page","status-publish","hentry"],"_links":{"self":[{"href":"https:\/\/www.haasisdec.com\/de\/wp-json\/wp\/v2\/pages\/2753","targetHints":{"allow":["GET"]}}],"collection":[{"href":"https:\/\/www.haasisdec.com\/de\/wp-json\/wp\/v2\/pages"}],"about":[{"href":"https:\/\/www.haasisdec.com\/de\/wp-json\/wp\/v2\/types\/page"}],"author":[{"embeddable":true,"href":"https:\/\/www.haasisdec.com\/de\/wp-json\/wp\/v2\/users\/1"}],"replies":[{"embeddable":true,"href":"https:\/\/www.haasisdec.com\/de\/wp-json\/wp\/v2\/comments?post=2753"}],"version-history":[{"count":53,"href":"https:\/\/www.haasisdec.com\/de\/wp-json\/wp\/v2\/pages\/2753\/revisions"}],"predecessor-version":[{"id":5241,"href":"https:\/\/www.haasisdec.com\/de\/wp-json\/wp\/v2\/pages\/2753\/revisions\/5241"}],"up":[{"embeddable":true,"href":"https:\/\/www.haasisdec.com\/de\/wp-json\/wp\/v2\/pages\/2407"}],"wp:attachment":[{"href":"https:\/\/www.haasisdec.com\/de\/wp-json\/wp\/v2\/media?parent=2753"}],"curies":[{"name":"wp","href":"https:\/\/api.w.org\/{rel}","templated":true}]}}