{"id":2758,"date":"2021-05-23T19:20:26","date_gmt":"2021-05-23T19:20:26","guid":{"rendered":"https:\/\/www.haasisdec.com\/de\/?page_id=2758"},"modified":"2026-01-18T16:40:24","modified_gmt":"2026-01-18T16:40:24","slug":"keynotes-and-lectures","status":"publish","type":"page","link":"https:\/\/www.haasisdec.com\/de\/services\/keynotes-and-lectures\/","title":{"rendered":"Keynotes und Vortr\u00e4ge"},"content":{"rendered":"\t\t<div data-elementor-type=\"wp-page\" data-elementor-id=\"2758\" class=\"elementor elementor-2758\">\n\t\t\t\t\t\t<section class=\"elementor-section elementor-top-section elementor-element elementor-element-f983331 elementor-section-content-middle ot-traditional elementor-section-boxed elementor-section-height-default elementor-section-height-default\" data-id=\"f983331\" data-element_type=\"section\">\n\t\t\t\t\t\t<div class=\"elementor-container elementor-column-gap-extended\">\n\t\t\t\t\t<div class=\"elementor-column elementor-col-50 elementor-top-column elementor-element elementor-element-fb1c096\" data-id=\"fb1c096\" data-element_type=\"column\">\n\t\t\t<div class=\"elementor-widget-wrap elementor-element-populated\">\n\t\t\t\t\t\t<div class=\"elementor-element elementor-element-ab8c75d elementor-widget elementor-widget-image\" data-id=\"ab8c75d\" data-element_type=\"widget\" data-widget_type=\"image.default\">\n\t\t\t\t<div class=\"elementor-widget-container\">\n\t\t\t\t\t\t\t\t\t\t\t\t\t\t\t<img fetchpriority=\"high\" decoding=\"async\" width=\"570\" height=\"542\" src=\"https:\/\/www.haasisdec.com\/de\/wp-content\/uploads\/2021\/06\/KEYNOTE-FINAL-SERVICES.jpg\" class=\"attachment-full size-full wp-image-4545\" alt=\"\" srcset=\"https:\/\/www.haasisdec.com\/de\/wp-content\/uploads\/2021\/06\/KEYNOTE-FINAL-SERVICES.jpg 570w, https:\/\/www.haasisdec.com\/de\/wp-content\/uploads\/2021\/06\/KEYNOTE-FINAL-SERVICES-300x285.jpg 300w\" sizes=\"(max-width: 570px) 100vw, 570px\" \/>\t\t\t\t\t\t\t\t\t\t\t\t\t\t\t<\/div>\n\t\t\t\t<\/div>\n\t\t\t\t\t<\/div>\n\t\t<\/div>\n\t\t\t\t<div class=\"elementor-column elementor-col-50 elementor-top-column elementor-element elementor-element-8d40657\" data-id=\"8d40657\" data-element_type=\"column\">\n\t\t\t<div class=\"elementor-widget-wrap elementor-element-populated\">\n\t\t\t\t\t\t<div class=\"elementor-element elementor-element-b059e25 elementor-widget elementor-widget-iheading\" data-id=\"b059e25\" data-element_type=\"widget\" data-widget_type=\"iheading.default\">\n\t\t\t\t<div class=\"elementor-widget-container\">\n\t\t\t\t\t\t\t<div class=\"ot-heading\">\r\n\t        \t            <span>\/\/ \u00dcBER SERVICE<\/span>\r\n\t        <h2 class=\"main-heading\">Innovation, Keynotes und Vortr\u00e4ge <\/h2>\t    <\/div>\r\n\t    \t\t\t\t<\/div>\n\t\t\t\t<\/div>\n\t\t\t\t<section class=\"elementor-section elementor-inner-section elementor-element elementor-element-5f1f08f elementor-section-full_width ot-traditional elementor-section-height-default elementor-section-height-default\" data-id=\"5f1f08f\" data-element_type=\"section\">\n\t\t\t\t\t\t<div class=\"elementor-container elementor-column-gap-extended\">\n\t\t\t\t\t<div class=\"elementor-column elementor-col-100 elementor-inner-column elementor-element elementor-element-4abda34\" data-id=\"4abda34\" data-element_type=\"column\">\n\t\t\t<div class=\"elementor-widget-wrap elementor-element-populated\">\n\t\t\t\t\t\t<div class=\"elementor-element elementor-element-88e9941 elementor-widget elementor-widget-text-editor\" data-id=\"88e9941\" data-element_type=\"widget\" data-widget_type=\"text-editor.default\">\n\t\t\t\t<div class=\"elementor-widget-container\">\n\t\t\t\t\t\t\t\t\t<ul><li>Keynotes zur digitalen Transformation\u00a0<\/li><li>Zusammenarbeit mit Universit\u00e4ten<\/li><li>Innovationsstrategie und Zusammenarbeit<\/li><li>Webinare und Vortr\u00e4ge, Vorlesungen<\/li><li>F\u00fchrungskr\u00e4fte-Coaching<\/li><\/ul><p><strong>Kundenfokus:<\/strong> Internationale Konferenzen, Universit\u00e4ten, Innovationsplattform<\/p>\t\t\t\t\t\t\t\t<\/div>\n\t\t\t\t<\/div>\n\t\t\t\t\t<\/div>\n\t\t<\/div>\n\t\t\t\t\t<\/div>\n\t\t<\/section>\n\t\t\t\t\t<\/div>\n\t\t<\/div>\n\t\t\t\t\t<\/div>\n\t\t<\/section>\n\t\t\t\t<\/div>\n\t\t","protected":false},"excerpt":{"rendered":"<p>\/\/ \u00dcBER SERVICE Innovation, Keynotes und Vortr\u00e4ge Keynotes zur digitalen Transformation\u00a0 Zusammenarbeit mit Universit\u00e4ten Innovationsstrategie und Zusammenarbeit Webinare und Vortr\u00e4ge, Vorlesungen F\u00fchrungskr\u00e4fte-Coaching Kundenfokus: Internationale Konferenzen, Universit\u00e4ten, Innovationsplattform<\/p>\n","protected":false},"author":1,"featured_media":0,"parent":2407,"menu_order":0,"comment_status":"closed","ping_status":"closed","template":"","meta":{"footnotes":""},"class_list":["post-2758","page","type-page","status-publish","hentry"],"_links":{"self":[{"href":"https:\/\/www.haasisdec.com\/de\/wp-json\/wp\/v2\/pages\/2758","targetHints":{"allow":["GET"]}}],"collection":[{"href":"https:\/\/www.haasisdec.com\/de\/wp-json\/wp\/v2\/pages"}],"about":[{"href":"https:\/\/www.haasisdec.com\/de\/wp-json\/wp\/v2\/types\/page"}],"author":[{"embeddable":true,"href":"https:\/\/www.haasisdec.com\/de\/wp-json\/wp\/v2\/users\/1"}],"replies":[{"embeddable":true,"href":"https:\/\/www.haasisdec.com\/de\/wp-json\/wp\/v2\/comments?post=2758"}],"version-history":[{"count":74,"href":"https:\/\/www.haasisdec.com\/de\/wp-json\/wp\/v2\/pages\/2758\/revisions"}],"predecessor-version":[{"id":5247,"href":"https:\/\/www.haasisdec.com\/de\/wp-json\/wp\/v2\/pages\/2758\/revisions\/5247"}],"up":[{"embeddable":true,"href":"https:\/\/www.haasisdec.com\/de\/wp-json\/wp\/v2\/pages\/2407"}],"wp:attachment":[{"href":"https:\/\/www.haasisdec.com\/de\/wp-json\/wp\/v2\/media?parent=2758"}],"curies":[{"name":"wp","href":"https:\/\/api.w.org\/{rel}","templated":true}]}}